{"id":6,"date":"2020-05-07T21:53:59","date_gmt":"2020-05-07T21:53:59","guid":{"rendered":"http:\/\/doctorado.inf.udec.cl\/?page_id=6"},"modified":"2025-08-01T12:42:45","modified_gmt":"2025-08-01T12:42:45","slug":"informacion","status":"publish","type":"page","link":"https:\/\/doctorado.inf.udec.cl\/","title":{"rendered":"INFORMACI\u00d3N GENERAL"},"content":{"rendered":"\n<h3 class=\"has-vivid-red-color has-text-color\"><strong>POSTULACIONES ABIERTAS HASTA EL 30 DE SEPTIEMBRE DE 2025.<\/strong><\/h3>\n\n\n\n<h3 class=\"has-vivid-red-color has-text-color\"><strong>POSTULA EN:<\/strong> <a rel=\"noreferrer noopener\" href=\"https:\/\/postgrado.udec.cl\/programas\/programa\/doctorado\/4231\" target=\"_blank\">https:\/\/postgrado.udec.cl\/programas\/programa\/doctorado\/4231<\/a><\/h3>\n\n\n\n<p><\/p>\n\n\n\n<h3>Descripci\u00f3n general <\/h3>\n\n\n\n<p>El Programa de <strong><a href=\"https:\/\/fi.udec.cl\/postgrados\/doctorado-en-ciencias-de-la-computacion\/\">Doctorado en Ciencias de la Computaci\u00f3n<\/a><\/strong> es de car\u00e1cter cienti\u00edfico. Los egresados del programa se formar\u00e1n para realizar investigaci\u00f3n original en forma aut\u00f3noma para el avance de conocimiento en Ciencias de la Computaci\u00f3n. El car\u00e1cter del programa se sustenta en los requisitos para la obtenci\u00f3n del grado. Los estudiantes deben acreditar su formaci\u00f3n como investigadores en un \u00c1rea espec\u00edfica a trav\u00e9s del desarrollo de una tesis de grado y la difusi\u00f3n de su contribuci\u00f3n cient\u00edfica, acreditando al menos una publicaci\u00f3n aceptada en una revista de corriente principal reconocida en el \u00c1rea y una sometida a revisi\u00f3n.<\/p>\n\n\n\n<h3>Objetivos<\/h3>\n\n\n\n<h4>Objetivo General<\/h4>\n\n\n\n<ul><li>Formar investigadores capaces de dise\u00f1ar, realizar y liderar en forma aut\u00f3noma investigaci\u00f3n reconocida como aporte original al avance de las Ciencias de la Computaci\u00f3n<\/li><\/ul>\n\n\n\n<h4>Objetivos Especificos<\/h4>\n\n\n\n<ul><li>Formar profesionales que realicen investigaci\u00f3n en forma aut\u00f3noma para el avance del conocimiento de las ciencias de la computaci\u00f3n<\/li><li>Formar profesionales que puedan desempe\u00f1arse en contextos acad\u00e9micos y de investigaci\u00f3n en el \u00e1mbito p\u00fablico y privado<\/li><\/ul>\n\n\n\n<p>El DCC entrega conocimientos s\u00f3lidos en temas transversales de teor\u00eda de computaci\u00f3n, estructuras de datos y algoritmos, sobre los cuales se desarrollan las l\u00edneas de investigaci\u00f3n del programa.<\/p>\n\n\n\n<h3>Perfil<\/h3>\n\n\n\n<p>Los graduados del programa de Doctorado en Ciencias de la Computaci\u00f3n (DCC) estar\u00e1n capacitados para desarrollar investigaci\u00f3n en instituciones de educaci\u00f3n superior o centros de investigaci\u00f3n independientes. Asimismo, deber\u00e1n adquirir la capacidad y autonom\u00eda para emprender proyectos innovadores de investigaci\u00f3n cient\u00edfica o tecnol\u00f3gica tanto en instituciones de investigaci\u00f3n p\u00fablicas como privadas. En particular, los egresados del programa de Doctorado en Ciencias de la Computaci\u00f3n adquieren una formaci\u00f3n que les permite:<\/p>\n\n\n\n<ul><li>Mostrar un manejo profundo y actualizado en Ciencias de la Computaci\u00f3n, centr\u00e1ndose en conocimientos fundamentales en teor\u00eda de computaci\u00f3n, algoritmos y estructuras de datos, y en al menos una l\u00ednea de investigaci\u00f3n del programa<\/li><li>Dirigir y realizar investigaci\u00f3n de forma original y aut\u00f3noma, contribuyendo a expandir las fronteras del conocimiento en Ciencias de la Computaci\u00f3n<\/li><li>Evaluar en forma cr\u00edtica y aut\u00f3noma resultados y productos cient\u00edficos en un marco de compromiso \u00e9tico<\/li><li>Comunicar resultados y hallazgos de la investigaci\u00f3n a la comunidad cient\u00edfica y acad\u00e9mica<\/li><\/ul>\n\n\n\n<h3>L\u00edneas de especializaci\u00f3n<\/h3>\n\n\n\n<p>El estudiante de doctorado debe elegir un \u00e1rea de especializaci\u00f3n principal y desarrollar su trabajo de investigaci\u00f3n doctoral en ese marco.<\/p>\n\n\n\n<p>Las l\u00edneas de investigaci\u00f3n que el programa desarrolla son:<\/p>\n\n\n\n<ul><li>L\u00ednea de <strong>Sistemas de Informaci\u00f3n<\/strong> contempla temas relacionados con la adquisici\u00f3n, procesamiento, almacenamiento, gesti\u00f3n y distribuci\u00f3n de informaci\u00f3n de manera que pueda ser le\u00edda por computadores, humanos o ambos.<\/li><li>La l\u00ednea de <strong>Teor\u00eda y M\u00e9todos de Computaci\u00f3n<\/strong> estudia qu\u00e9 puede ser computado, qu\u00e9 cantidad de recursos son requeridos para ejecutar tales c\u00f3mputos de manera eficiente, y c\u00f3mo computar en forma eficiente.<\/li><\/ul>\n\n\n\n<h3>Enlaces a sitios de inter\u00e9s:<\/h3>\n\n\n\n<ul><li><a rel=\"noreferrer noopener\" href=\"http:\/\/postgrado.udec.cl\/\" target=\"_blank\">http:\/\/postgrado.udec.cl\/<\/a> (Sitio web de la direcci\u00f3n de postgrado)<\/li><li><a rel=\"noreferrer noopener\" href=\"https:\/\/fi.udec.cl\/postgrados\/doctorado-en-ciencias-de-la-computacion\/\" target=\"_blank\">https:\/\/fi.udec.cl\/postgrados\/doctorado-en-ciencias-de-la-computacion\/<\/a> (Sitio web del programa en el portal de la Facultad de Ingenier\u00eda)<\/li><li><a rel=\"noreferrer noopener\" href=\"http:\/\/magister.inf.udec.cl\/\" target=\"_blank\">http:\/\/magister.inf.udec.cl\/<\/a> (Sitio web del Programa de Mag\u00edster en Ciencias de la Computaci\u00f3n)<\/li><\/ul>\n\n\n\n<p><\/p>\n","protected":false},"excerpt":{"rendered":"<p>POSTULACIONES ABIERTAS HASTA EL 30 DE SEPTIEMBRE DE 2025. POSTULA EN: https:\/\/postgrado.udec.cl\/programas\/programa\/doctorado\/4231 Descripci\u00f3n general El Programa de Doctorado en Ciencias de la Computaci\u00f3n es de&hellip;<\/p>\n","protected":false},"author":2,"featured_media":0,"parent":0,"menu_order":0,"comment_status":"closed","ping_status":"closed","template":"","meta":[],"_links":{"self":[{"href":"https:\/\/doctorado.inf.udec.cl\/index.php\/wp-json\/wp\/v2\/pages\/6"}],"collection":[{"href":"https:\/\/doctorado.inf.udec.cl\/index.php\/wp-json\/wp\/v2\/pages"}],"about":[{"href":"https:\/\/doctorado.inf.udec.cl\/index.php\/wp-json\/wp\/v2\/types\/page"}],"author":[{"embeddable":true,"href":"https:\/\/doctorado.inf.udec.cl\/index.php\/wp-json\/wp\/v2\/users\/2"}],"replies":[{"embeddable":true,"href":"https:\/\/doctorado.inf.udec.cl\/index.php\/wp-json\/wp\/v2\/comments?post=6"}],"version-history":[{"count":27,"href":"https:\/\/doctorado.inf.udec.cl\/index.php\/wp-json\/wp\/v2\/pages\/6\/revisions"}],"predecessor-version":[{"id":334,"href":"https:\/\/doctorado.inf.udec.cl\/index.php\/wp-json\/wp\/v2\/pages\/6\/revisions\/334"}],"wp:attachment":[{"href":"https:\/\/doctorado.inf.udec.cl\/index.php\/wp-json\/wp\/v2\/media?parent=6"}],"curies":[{"name":"wp","href":"https:\/\/api.w.org\/{rel}","templated":true}]}}