{"id":44,"date":"2020-05-27T18:12:14","date_gmt":"2020-05-27T18:12:14","guid":{"rendered":"http:\/\/doctorado.inf.udec.cl\/?page_id=44"},"modified":"2024-03-25T13:25:42","modified_gmt":"2024-03-25T13:25:42","slug":"planestudios","status":"publish","type":"page","link":"https:\/\/doctorado.inf.udec.cl\/index.php\/planestudios\/","title":{"rendered":"PLAN DE ESTUDIOS"},"content":{"rendered":"\n<p>El desarrollo del Programa de Doctorado en Ciencias de la Computaci\u00f3n exige la realizaci\u00f3n de 240 cr\u00e9ditos SCT y de 78 cr\u00e9ditos SCT distribuidos en asignaturas b\u00e1sicas (48 SCT), asignaturas de especializaci\u00f3n electivas (18 cr\u00e9ditos), asignaturas complementarias (12 cr\u00e9ditos) y actividades de graduaci\u00f3n que constan de examen de calificaci\u00f3n (12 SCT), proyecto de tesis (30 SCT) y tesis de grado (120 SCT).<\/p>\n\n\n\n<h3>Malla del Plan de Estudios<\/h3>\n\n\n\n<figure class=\"wp-block-image size-large\"><a href=\"http:\/\/doctorado.inf.udec.cl\/wp-content\/uploads\/2020\/06\/PlanDoctorado.pdf\"><img loading=\"lazy\" width=\"1024\" height=\"447\" src=\"http:\/\/doctorado.inf.udec.cl\/wp-content\/uploads\/2020\/06\/PlanDoctorado-1024x447.png\" alt=\"\" class=\"wp-image-166\" srcset=\"https:\/\/doctorado.inf.udec.cl\/wp-content\/uploads\/2020\/06\/PlanDoctorado-1024x447.png 1024w, https:\/\/doctorado.inf.udec.cl\/wp-content\/uploads\/2020\/06\/PlanDoctorado-300x131.png 300w, https:\/\/doctorado.inf.udec.cl\/wp-content\/uploads\/2020\/06\/PlanDoctorado-768x335.png 768w, https:\/\/doctorado.inf.udec.cl\/wp-content\/uploads\/2020\/06\/PlanDoctorado-1536x671.png 1536w, https:\/\/doctorado.inf.udec.cl\/wp-content\/uploads\/2020\/06\/PlanDoctorado.png 1640w\" sizes=\"(max-width: 1024px) 100vw, 1024px\" \/><\/a><\/figure>\n\n\n\n<h3>Requisitos de Graduaci\u00f3n<\/h3>\n\n\n\n<p>El programa de doctorado otorga el grado de Doctor en Ciencias de la Computaci\u00f3n a aquellos candidatos que demuestren potencial, capacidad, destreza, independencia e iniciativa en investigaci\u00f3n mediante la presentaci\u00f3n de una tesis de grado, la cual debe constituir un aporte original y significativo al conocimiento cient\u00edfico del \u00e1rea de especializaci\u00f3n.<\/p>\n\n\n\n<p>Los requisitos para obtener el Grado de Doctor en Ciencias de la Computaci\u00f3n son los siguientes:<\/p>\n\n\n\n<ul><li>Haber cursado y aprobado al final del tercer semestre un equivalente a 78 cr\u00e9ditos SCT en asignaturas de postgrado distribuidas de la siguiente forma:<ul><li>Seis (6) asignaturas b\u00e1sicas, equivalente a 48 cr\u00e9ditos SCT.<\/li><li>Tres (3) asignaturas de especializaci\u00f3n, equivalente a 18 cr\u00e9ditos SCT.<\/li><li>Dos (2) asignaturas complementarias, equivalente a 12 cr\u00e9ditos SCT.<\/li><\/ul><\/li><li>Aprobar un examen de calificaci\u00f3n.<\/li><li>Presentar y tener aprobado el Proyecto de Tesis de Grado. Requisito para la presentaci\u00f3n del proyecto de Tesis de Grado es la acreditaci\u00f3n de Ingl\u00e9s instrumental.<\/li><li>Desarrollar y aprobar una Tesis de Grado.<\/li><li>Tener aceptado un art\u00edculo y tener otro art\u00edculo enviado a revisi\u00f3n a una revista indexada por ISI-Thompson.<\/li><\/ul>\n\n\n\n<h3>Informaci\u00f3n Sobre las Asignaturas<\/h3>\n\n\n\n<h4>Asignaturas B\u00e1sicas<\/h4>\n\n\n\n<p>Las asignaturas b\u00e1sicas del programa de Doctorado en ciencias de la computaci\u00f3n son:<\/p>\n\n\n\n<figure class=\"wp-block-table\"><table><thead><tr><th><strong>Asignatura<\/strong><\/th><th><strong>Semestre<\/strong><\/th><th><strong>Tipo<\/strong><\/th><th><strong>Cr\u00e9ditos UdeC<\/strong><\/th><th><strong>Cr\u00e9ditos SCT<\/strong><\/th><\/tr><\/thead><tbody><tr><td><a href=\"http:\/\/doctorado.inf.udec.cl\/wp-content\/uploads\/2023\/03\/Fundamentos_Estructuras_de_datos_y_Algoritmos.pdf\" target=\"_blank\" rel=\"noreferrer noopener\">Fundamentos de Estructuras de Datos y Algoritmos<\/a><\/td><td>1er semestre<\/td><td>B\u00e1sica<\/td><td>6<\/td><td>12<\/td><\/tr><tr><td><a href=\"http:\/\/doctorado.inf.udec.cl\/wp-content\/uploads\/2023\/03\/FundamentosTeoria.pdf\" target=\"_blank\" rel=\"noreferrer noopener\">Fundamentos de Teor\u00eda de Computaci\u00f3n<\/a><\/td><td>1er semestre<\/td><td>B\u00e1sica&nbsp;<\/td><td>6<\/td><td>12<\/td><\/tr><tr><td><a href=\"http:\/\/doctorado.inf.udec.cl\/wp-content\/uploads\/2023\/03\/Programa-AlgoritmosAvanzados.pdf\" target=\"_blank\" rel=\"noreferrer noopener\">Estructuras de Datos y Algoritmos Avanzados<\/a><\/td><td>2do semestre<\/td><td>B\u00e1sica<\/td><td>3<\/td><td>6<\/td><\/tr><tr><td>Seminario de investigaci\u00f3n<\/td><td>1er semestre<\/td><td>Seminario<\/td><td>3<\/td><td>6<\/td><\/tr><tr><td><a href=\"http:\/\/doctorado.inf.udec.cl\/wp-content\/uploads\/2023\/03\/Topicos-en-Complejidad-y-Teoria-de-la-Informacion.pdf\" target=\"_blank\" rel=\"noreferrer noopener\">T\u00f3picos en Complejidad y Teor\u00eda de la Informaci\u00f3n<\/a><\/td><td>2do semestre<\/td><td>B\u00e1sica<\/td><td>3<\/td><td>6<\/td><\/tr><tr><td><a href=\"http:\/\/doctorado.inf.udec.cl\/wp-content\/uploads\/2023\/03\/Metodos_Investigacion.pdf\" target=\"_blank\" rel=\"noreferrer noopener\">M\u00e9todos de Investigaci\u00f3n<\/a><\/td><td>2do semestre<\/td><td>Seminario<\/td><td>3<\/td><td>6<\/td><\/tr><tr><td>Proyecto de Tesis<\/td><td>2do semestre<\/td><td>Terminal<\/td><td>&nbsp;<\/td><td>30<\/td><\/tr><tr><td>Tesis de grado<\/td><td><\/td><td>Terminal<\/td><td>&nbsp;<\/td><td>30<\/td><\/tr><\/tbody><\/table><\/figure>\n\n\n\n<h4>&nbsp;Asignaturas de Especializaci\u00f3n<strong>&nbsp;<\/strong><\/h4>\n\n\n\n<p>Las asignaturas de especializaci\u00f3n son seleccionadas por el estudiante de acuerdo a sus intereses de investigaci\u00f3n. El estudiante podr\u00e1 cursar estas asignaturas u otras dictadas por otros programas de doctorado de la Universidad, previa aprobaci\u00f3n de su Profesor Gu\u00eda. El estudiante tendr\u00e1 que cursar 3 asignaturas de especializaci\u00f3n (18 cr\u00e9ditos SCT). La lista de asignaturas impartidas en los \u00faltimos a\u00f1os se puede consultar en el siguiente enlace.<\/p>\n\n\n\n<figure class=\"wp-block-table\"><table><thead><tr><th><strong>Asignatura<\/strong><\/th><th><strong>L\u00ednea<\/strong><\/th><th><strong>\u00daltima vez dictada<\/strong><\/th><th><strong>Pr\u00f3xima vez en dictarse<\/strong><\/th><th><strong>Cr\u00e9ditos UdeC<\/strong><\/th><th><strong>Cr\u00e9ditos SCT<\/strong><\/th><\/tr><\/thead><tbody><tr><td><a rel=\"noreferrer noopener\" href=\"http:\/\/doctorado.inf.udec.cl\/wp-content\/uploads\/2023\/03\/BasesDeDatosEspaciales.pdf\" target=\"_blank\">Bases de Datos Espaciales y Sistemas de Informaci\u00f3n Geogr\u00e1fica<\/a><\/td><td>Sistemas de Informaci\u00f3n<\/td><td><\/td><td><\/td><td>3<\/td><td>6<\/td><\/tr><tr><td><a href=\"http:\/\/doctorado.inf.udec.cl\/wp-content\/uploads\/2023\/03\/Programa-Desarrollo-de-Software-Dirigido-por-Modelos.pdf\" target=\"_blank\" rel=\"noreferrer noopener\">Desarrollo de Software Dirigido por Modelos<\/a><\/td><td>Sistemas de Informaci\u00f3n<\/td><td><\/td><td><\/td><td>3<\/td><td>6<\/td><\/tr><tr><td><a href=\"http:\/\/doctorado.inf.udec.cl\/wp-content\/uploads\/2023\/03\/Topicos-en-Manejo-de-Grandes-Volumenes-De-Datos.pdf\" target=\"_blank\" rel=\"noreferrer noopener\">T\u00f3picos en manejo de Grandes Vol\u00famenes de Datos<\/a><\/td><td>Sistemas de Informaci\u00f3n<\/td><td><\/td><td><\/td><td>3<\/td><td>6<\/td><\/tr><tr><td><a href=\"http:\/\/doctorado.inf.udec.cl\/wp-content\/uploads\/2023\/03\/Interfaces-de-Usuario-en-Sistemas-Software.pdf\" target=\"_blank\" rel=\"noreferrer noopener\">Interfaces de Usuario en Sistemas Software<\/a><\/td><td>Sistemas de Informaci\u00f3n<\/td><td><\/td><td><\/td><td>3<\/td><td>6<\/td><\/tr><tr><td><a href=\"http:\/\/doctorado.inf.udec.cl\/wp-content\/uploads\/2023\/03\/ProgramaIntroParalela-rev2.pdf\" target=\"_blank\" rel=\"noreferrer noopener\">Introducci\u00f3n a la computaci\u00f3n paralela<\/a><\/td><td>Sistemas de Informaci\u00f3n<\/td><td><\/td><td><\/td><td>3<\/td><td>6<\/td><\/tr><tr><td><a href=\"http:\/\/doctorado.inf.udec.cl\/wp-content\/uploads\/2023\/03\/Sistemas-Adaptativos.pdf\" target=\"_blank\" rel=\"noreferrer noopener\">Sistemas Adaptativos<\/a><\/td><td>Sistemas Inteligentes<\/td><td><\/td><td><\/td><td>3<\/td><td>6<\/td><\/tr><tr><td><a href=\"http:\/\/doctorado.inf.udec.cl\/wp-content\/uploads\/2023\/03\/DataScience-1.pdf\" target=\"_blank\" rel=\"noreferrer noopener\">Data Science 1: Introducci\u00f3n a la Ciencia de Datos<\/a><\/td><td>Sistemas Inteligentes<\/td><td><\/td><td><\/td><td>3<\/td><td>6<\/td><\/tr><tr><td><a href=\"http:\/\/doctorado.inf.udec.cl\/wp-content\/uploads\/2023\/03\/DeepLearning_v0.2-1.pdf\" target=\"_blank\" rel=\"noreferrer noopener\">Deep Learning<\/a><\/td><td>Sistemas Inteligentes<\/td><td><\/td><td><\/td><td>3<\/td><td>6<\/td><\/tr><tr><td><a href=\"http:\/\/doctorado.inf.udec.cl\/wp-content\/uploads\/2023\/03\/ML_probabilistico_magister.pdf\" target=\"_blank\" rel=\"noreferrer noopener\">Machine Learning Probabil\u00edstico<\/a><\/td><td>Sistemas Inteligentes<\/td><td><\/td><td><\/td><td>3<\/td><td>6<\/td><\/tr><tr><td><a href=\"http:\/\/doctorado.inf.udec.cl\/wp-content\/uploads\/2023\/03\/Aprendizaje_por_refuerzo.pdf\" target=\"_blank\" rel=\"noreferrer noopener\">Aprendizaje por refuerzo<\/a><\/td><td>Sistemas Inteligentes<\/td><td><\/td><td><\/td><td>3<\/td><td>6<\/td><\/tr><tr><td><a href=\"http:\/\/doctorado.inf.udec.cl\/wp-content\/uploads\/2023\/03\/Topicos-de-Inteligencia-Computacional-aplicados-a-Ciberseguridad.pdf\" target=\"_blank\" rel=\"noreferrer noopener\">T\u00f3picos en Inteligencia Computacional y Ciberseguridad<\/a><\/td><td>Sistemas Inteligentes<\/td><td><\/td><td><\/td><td>3<\/td><td>6<\/td><\/tr><tr><td><a href=\"http:\/\/doctorado.inf.udec.cl\/wp-content\/uploads\/2024\/03\/Programa_Visualizacion_de_Datos_DCC.pdf\" target=\"_blank\" rel=\"noreferrer noopener\">Visualizaci\u00f3n de Datos<\/a><\/td><td>Sistemas Inteligentes<\/td><td><\/td><td><\/td><td>3<\/td><td>6<\/td><\/tr><tr><td>Introducci\u00f3n a la Computaci\u00f3n Cu\u00e1ntica<\/td><td>Teor\u00eda y M\u00e9todos de Computaci\u00f3n<\/td><td><\/td><td><\/td><td>3<\/td><td>6<\/td><\/tr><tr><td>M\u00e9todos Probabilistas y C\u00f3mputo<\/td><td>Teor\u00eda y M\u00e9todos de Computaci\u00f3n<\/td><td><\/td><td><\/td><td>3<\/td><td>6<\/td><\/tr><tr><td><a href=\"http:\/\/doctorado.inf.udec.cl\/wp-content\/uploads\/2023\/03\/SDDsDoctorado.pdf\" target=\"_blank\" rel=\"noreferrer noopener\">Sistemas Din\u00e1micos Discretos<\/a><\/td><td>Teor\u00eda y M\u00e9todos de Computaci\u00f3n<\/td><td><\/td><td><\/td><td>3<\/td><td>6<\/td><\/tr><tr><td><a href=\"http:\/\/doctorado.inf.udec.cl\/wp-content\/uploads\/2023\/03\/525141-TeoriaGrafos_NuevoPrograma.pdf\" target=\"_blank\" rel=\"noreferrer noopener\">Teor\u00eda de Grafos<\/a><\/td><td>Teor\u00eda y M\u00e9todos de Computaci\u00f3n<\/td><td><\/td><td><\/td><td>3<\/td><td>6<\/td><\/tr><\/tbody><\/table><\/figure>\n\n\n\n<p><\/p>\n\n\n\n<h4>Asignaturas Complementarias<strong>&nbsp;<\/strong><\/h4>\n\n\n\n<p>Las asignaturas complementarias son seleccionadas por el estudiante de acuerdo a sus intereses de investigaci\u00f3n. El estudiante podr\u00e1 cursar estas asignaturas u otras dictadas por otros programas de doctorado de la Universidad, previa aprobaci\u00f3n de su Profesor Gu\u00eda. El estudiante tendr\u00e1 que cursar 2 asignaturas complementarias (12 cr\u00e9ditos SCT).<\/p>\n\n\n\n<p>Una lista no exhaustiva de asignaturas complementarias es la siguiente:<\/p>\n\n\n\n<ul><li>Cursos de ingl\u00e9s comunicativo del CFRD (4 m\u00f3dulos existentes, cada uno equivale a una asignatura).<\/li><li>Del Laboratorio al Mercado: Introducci\u00f3n a la Innovaci\u00f3n Tecnol\u00f3gica y emprendimiento. (Dictado por la Vicerrector\u00eda de Investigaci\u00f3n).<\/li><li>Asignaturas del departamento de idiomas extranjeros (franc\u00e9s, italiano e ingl\u00e9s instrumental).<\/li><li>Asignaturas de Condici\u00f3n f\u00edsica y salud.<\/li><li>Asignatura de literatura.<\/li><li>Asignaturas de otros programas que complementen la formaci\u00f3n. En concreto, existe un acuerdo entre los programas de postgrado del DIICC y los del Departamento de Ingenier\u00eda El\u00e9ctrica (DIE) para que los estudiantes de un programa puedan realizar asignaturas de los programas del otro departamento. El protocolo establece que, antes del inicio del semestre, los programas intercambian su oferta de asignaturas y establecen cu\u00e1les ser\u00e1n ofertadas en otros programas.<\/li><\/ul>\n\n\n\n<h4>Tesis de Grado&nbsp;<\/h4>\n\n\n\n<p>El programa de mag\u00edster otorga el grado de Mag\u00edster en Ciencias de la Computaci\u00f3n a aquellos candidatos que demuestren potencial, capacidad y destreza en investigaci\u00f3n mediante la presentaci\u00f3n de una tesis de grado, la cual debe constituir un aporte original al conocimiento cient\u00edfico del \u00e1rea de especializaci\u00f3n.<\/p>\n\n\n\n<p>Considera la realizaci\u00f3n de un proyecto de investigaci\u00f3n, elaborado y defendido por el candidato bajo la supervisi\u00f3n de un profesor gu\u00eda. Este trabajo tiene un enfoque cient\u00edfico y puede abarcar aplicaciones como tambi\u00e9n investigaci\u00f3n b\u00e1sica de conceptos te\u00f3ricos. La Tesis de Grado es de contenido original y debe dar origen a una publicaci\u00f3n de corriente principal.<\/p>\n\n\n\n<p><\/p>\n","protected":false},"excerpt":{"rendered":"<p>El desarrollo del Programa de Doctorado en Ciencias de la Computaci\u00f3n exige la realizaci\u00f3n de 240 cr\u00e9ditos SCT y de 78 cr\u00e9ditos SCT distribuidos en&hellip;<\/p>\n","protected":false},"author":2,"featured_media":0,"parent":0,"menu_order":0,"comment_status":"closed","ping_status":"closed","template":"","meta":[],"_links":{"self":[{"href":"https:\/\/doctorado.inf.udec.cl\/index.php\/wp-json\/wp\/v2\/pages\/44"}],"collection":[{"href":"https:\/\/doctorado.inf.udec.cl\/index.php\/wp-json\/wp\/v2\/pages"}],"about":[{"href":"https:\/\/doctorado.inf.udec.cl\/index.php\/wp-json\/wp\/v2\/types\/page"}],"author":[{"embeddable":true,"href":"https:\/\/doctorado.inf.udec.cl\/index.php\/wp-json\/wp\/v2\/users\/2"}],"replies":[{"embeddable":true,"href":"https:\/\/doctorado.inf.udec.cl\/index.php\/wp-json\/wp\/v2\/comments?post=44"}],"version-history":[{"count":59,"href":"https:\/\/doctorado.inf.udec.cl\/index.php\/wp-json\/wp\/v2\/pages\/44\/revisions"}],"predecessor-version":[{"id":327,"href":"https:\/\/doctorado.inf.udec.cl\/index.php\/wp-json\/wp\/v2\/pages\/44\/revisions\/327"}],"wp:attachment":[{"href":"https:\/\/doctorado.inf.udec.cl\/index.php\/wp-json\/wp\/v2\/media?parent=44"}],"curies":[{"name":"wp","href":"https:\/\/api.w.org\/{rel}","templated":true}]}}